{"id":131,"date":"2019-04-05T07:54:25","date_gmt":"2019-04-05T10:54:25","guid":{"rendered":"http:\/\/dataphone.com.br\/?page_id=131"},"modified":"2020-10-26T23:39:35","modified_gmt":"2020-10-27T02:39:35","slug":"contatos","status":"publish","type":"page","link":"https:\/\/dataphone.com.br\/index.php\/sobre\/contatos\/","title":{"rendered":"Contato"},"content":{"rendered":"<form action=\"\/wp-admin\/admin-ajax.php#wpcf7-f11-o1\" method=\"post\" novalidate=\"novalidate\">\n<input type=\"hidden\" name=\"_wpcf7\" value=\"11\"><br \/>\n<input type=\"hidden\" name=\"_wpcf7_version\" value=\"5.1.3\"><br \/>\n<input type=\"hidden\" name=\"_wpcf7_locale\" value=\"pt_BR\"><br \/>\n<input type=\"hidden\" name=\"_wpcf7_unit_tag\" value=\"wpcf7-f11-o1\"><br \/>\n<input type=\"hidden\" name=\"_wpcf7_container_post\" value=\"0\"><\/p>\n<p><label><br \/>\n<input type=\"text\" name=\"nome\" value=\"\" size=\"40\" aria-required=\"true\" aria-invalid=\"false\" placeholder=\"Nome\"> <\/label><\/p>\n<p><label><br \/>\n<input type=\"email\" name=\"email-626\" value=\"\" size=\"40\" aria-required=\"true\" aria-invalid=\"false\" placeholder=\"E-mail\"><\/label><\/p>\n<p><label><br \/>\n<input type=\"text\" name=\"subject\" value=\"\" size=\"40\" aria-invalid=\"false\" placeholder=\"Assunto\"> <\/label><\/p>\n<p><label><br \/>\n<textarea name=\"message\" cols=\"40\" rows=\"10\" aria-invalid=\"false\" placeholder=\"Mensagem\"><\/textarea> <\/label><\/p>\n<p><input type=\"submit\" value=\"Enviar\"><\/p>\n<\/form>\n<h5>DATAPHONE TELECOM<\/h5>\n<h5>Telefone: (41) 4042-3470 ou 99226-6655<\/h5>\n<h5>E-mail: <a href=\"mailto:contato@dataphone.com.br\">contato@dataphone.com.br<\/a><\/h5>\n<h5>Endere\u00e7o: Rua Jo\u00e3o Bettega, 101, Sala 212 &#8211; Port\u00e3o &#8211; Curitiba -PR<\/h5>\n<p><iframe frameborder=\"0\" scrolling=\"no\" marginheight=\"0\" marginwidth=\"0\" src=\"https:\/\/maps.google.com\/maps?q=Rua%20jo%C3%A3o%20Bettega%2C%20101%20Curitiba&amp;t=m&amp;z=15&amp;output=embed&amp;iwloc=near\" aria-label=\"Rua jo\u00e3o Bettega, 101 Curitiba\"><\/iframe><\/p>\n","protected":false},"excerpt":{"rendered":"<p>DATAPHONE TELECOM Telefone: (41) 4042-3470 ou 99226-6655 E-mail: contato@dataphone.com.br Endere\u00e7o: Rua Jo\u00e3o Bettega, 101, Sala 212 &#8211; Port\u00e3o &#8211; Curitiba -PR<\/p>\n","protected":false},"author":1,"featured_media":0,"parent":134,"menu_order":0,"comment_status":"closed","ping_status":"closed","template":"","meta":{"footnotes":""},"class_list":["post-131","page","type-page","status-publish","hentry"],"_links":{"self":[{"href":"https:\/\/dataphone.com.br\/index.php\/wp-json\/wp\/v2\/pages\/131","targetHints":{"allow":["GET"]}}],"collection":[{"href":"https:\/\/dataphone.com.br\/index.php\/wp-json\/wp\/v2\/pages"}],"about":[{"href":"https:\/\/dataphone.com.br\/index.php\/wp-json\/wp\/v2\/types\/page"}],"author":[{"embeddable":true,"href":"https:\/\/dataphone.com.br\/index.php\/wp-json\/wp\/v2\/users\/1"}],"replies":[{"embeddable":true,"href":"https:\/\/dataphone.com.br\/index.php\/wp-json\/wp\/v2\/comments?post=131"}],"version-history":[{"count":26,"href":"https:\/\/dataphone.com.br\/index.php\/wp-json\/wp\/v2\/pages\/131\/revisions"}],"predecessor-version":[{"id":367,"href":"https:\/\/dataphone.com.br\/index.php\/wp-json\/wp\/v2\/pages\/131\/revisions\/367"}],"up":[{"embeddable":true,"href":"https:\/\/dataphone.com.br\/index.php\/wp-json\/wp\/v2\/pages\/134"}],"wp:attachment":[{"href":"https:\/\/dataphone.com.br\/index.php\/wp-json\/wp\/v2\/media?parent=131"}],"curies":[{"name":"wp","href":"https:\/\/api.w.org\/{rel}","templated":true}]}}