{"id":2,"date":"2019-03-31T18:01:15","date_gmt":"2019-03-31T21:01:15","guid":{"rendered":"http:\/\/dataphone.com.br\/?page_id=2"},"modified":"2019-05-22T15:24:24","modified_gmt":"2019-05-22T18:24:24","slug":"centrais-telefonicas","status":"publish","type":"page","link":"https:\/\/dataphone.com.br\/index.php\/centrais-telefonicas\/","title":{"rendered":"PABX &#8211; Centrais Telef\u00f4nicas"},"content":{"rendered":"\t\t<div data-elementor-type=\"post\" data-elementor-id=\"2\" class=\"elementor elementor-2\" data-elementor-settings=\"[]\">\n\t\t\t<div class=\"elementor-inner\">\n\t\t\t\t<div class=\"elementor-section-wrap\">\n\t\t\t\t\t\t\t<section class=\"elementor-element elementor-element-8b9b889 elementor-section-stretched elementor-section-full_width elementor-section-height-default elementor-section-height-default elementor-section elementor-top-section\" data-id=\"8b9b889\" data-element_type=\"section\" data-settings=\"{&quot;stretch_section&quot;:&quot;section-stretched&quot;}\">\n\t\t\t\t\t\t<div class=\"elementor-container elementor-column-gap-default\">\n\t\t\t\t<div class=\"elementor-row\">\n\t\t\t\t<div class=\"elementor-element elementor-element-9d29d62 elementor-column elementor-col-100 elementor-top-column\" data-id=\"9d29d62\" data-element_type=\"column\">\n\t\t\t<div class=\"elementor-column-wrap  elementor-element-populated\">\n\t\t\t\t\t<div class=\"elementor-widget-wrap\">\n\t\t\t\t<div class=\"elementor-element elementor-element-d3e2778 elementor-widget elementor-widget-image\" data-id=\"d3e2778\" data-element_type=\"widget\" data-widget_type=\"image.default\">\n\t\t\t\t<div class=\"elementor-widget-container\">\n\t\t\t\t\t<div class=\"elementor-image\">\n\t\t\t\t\t\t\t\t\t\t<img loading=\"lazy\" decoding=\"async\" width=\"768\" height=\"162\" src=\"https:\/\/dataphone.com.br\/wp-content\/uploads\/2019\/04\/Centrais-1-768x162.png\" class=\"attachment-medium_large size-medium_large\" alt=\"\" srcset=\"https:\/\/dataphone.com.br\/wp-content\/uploads\/2019\/04\/Centrais-1-768x162.png 768w, https:\/\/dataphone.com.br\/wp-content\/uploads\/2019\/04\/Centrais-1-300x63.png 300w, https:\/\/dataphone.com.br\/wp-content\/uploads\/2019\/04\/Centrais-1-1024x216.png 1024w, https:\/\/dataphone.com.br\/wp-content\/uploads\/2019\/04\/Centrais-1.png 1891w\" sizes=\"auto, (max-width: 768px) 100vw, 768px\" \/>\t\t\t\t\t\t\t\t\t\t\t<\/div>\n\t\t\t\t<\/div>\n\t\t\t\t<\/div>\n\t\t\t\t\t\t<\/div>\n\t\t\t<\/div>\n\t\t<\/div>\n\t\t\t\t\t\t<\/div>\n\t\t\t<\/div>\n\t\t<\/section>\n\t\t\t\t<section class=\"elementor-element elementor-element-c501bc2 elementor-section-stretched elementor-section-full_width elementor-section-height-default elementor-section-height-default elementor-section elementor-top-section\" data-id=\"c501bc2\" data-element_type=\"section\" data-settings=\"{&quot;stretch_section&quot;:&quot;section-stretched&quot;}\">\n\t\t\t\t\t\t<div class=\"elementor-container elementor-column-gap-default\">\n\t\t\t\t<div class=\"elementor-row\">\n\t\t\t\t<div class=\"elementor-element elementor-element-36f36e6 elementor-column elementor-col-100 elementor-top-column\" data-id=\"36f36e6\" data-element_type=\"column\">\n\t\t\t<div class=\"elementor-column-wrap  elementor-element-populated\">\n\t\t\t\t\t<div class=\"elementor-widget-wrap\">\n\t\t\t\t<div class=\"elementor-element elementor-element-59a38b5 elementor-widget elementor-widget-text-editor\" data-id=\"59a38b5\" data-element_type=\"widget\" data-widget_type=\"text-editor.default\">\n\t\t\t\t<div class=\"elementor-widget-container\">\n\t\t\t\t\t<div class=\"elementor-text-editor elementor-clearfix\"><p>\u00a0 \u00a0 \u00a0 \u00a0As centrais telef\u00f4nicas ou PABX como tamb\u00e9m s\u00e3o conhecidas, oferecem v\u00e1rias formas de melhorar a comunica\u00e7\u00e3o entre matriz e filiais, clientes, fornecedores e entre os pr\u00f3prios colaboradores das empresas. Existem quatro op\u00e7\u00f5es de tecnologia no mercado, s\u00e3o elas: Anal\u00f3gicas, digitais, IP e mista (h\u00edbridas). Com estas op\u00e7\u00f5es podemos atender a qualquer demanda em comunica\u00e7\u00e3o, desde pequenas empresas at\u00e9 grandes corpora\u00e7\u00f5es, abaixo algumas facilidades de algumas centrais telef\u00f4nicas:<\/p><ul><li>Atendimento autom\u00e1tico (DISA \/ URA)<\/li><li>Atendedor de transbordo<\/li><li>Bilhetagem \/ tarifa\u00e7\u00e3o<\/li><li>Captura de chamadas<\/li><li>Chamadas em espera<\/li><li>Chefe-Secret\u00e1ria<\/li><li>Confer\u00eancia<\/li><li>Distribui\u00e7\u00e3o de ramais internos e externos<\/li><li>Grupos de chamadas<\/li><li>Liga\u00e7\u00e3o entre matriz e filiais ramal &#8211; ramal<\/li><li>M\u00fasica de espera<\/li><li>Rotas de menor custo<\/li><\/ul><\/div>\n\t\t\t\t<\/div>\n\t\t\t\t<\/div>\n\t\t\t\t<div class=\"elementor-element elementor-element-14bfb69 elementor-button-info elementor-invisible elementor-widget elementor-widget-button\" data-id=\"14bfb69\" data-element_type=\"widget\" data-settings=\"{&quot;_animation&quot;:&quot;none&quot;}\" data-widget_type=\"button.default\">\n\t\t\t\t<div class=\"elementor-widget-container\">\n\t\t\t\t\t<div class=\"elementor-button-wrapper\">\n\t\t\t<a href=\"https:\/\/dataphone.com.br\/index.php\/orcamento-central-telefonica\/\" class=\"elementor-button-link elementor-button elementor-size-sm\" target=\"_blank\" role=\"button\">\n\t\t\t\t\t\t<span class=\"elementor-button-content-wrapper\">\n\t\t\t\t\t\t<span class=\"elementor-button-icon elementor-align-icon-left\">\n\t\t\t\t<i class=\"fa fa-mouse-pointer\" aria-hidden=\"true\"><\/i>\n\t\t\t<\/span>\n\t\t\t\t\t\t<span class=\"elementor-button-text\">Solicite um or\u00e7amento<\/span>\n\t\t<\/span>\n\t\t\t\t\t<\/a>\n\t\t<\/div>\n\t\t\t\t<\/div>\n\t\t\t\t<\/div>\n\t\t\t\t\t\t<\/div>\n\t\t\t<\/div>\n\t\t<\/div>\n\t\t\t\t\t\t<\/div>\n\t\t\t<\/div>\n\t\t<\/section>\n\t\t\t\t\t\t<\/div>\n\t\t\t<\/div>\n\t\t<\/div>\n\t\t","protected":false},"excerpt":{"rendered":"<p>\u00a0 \u00a0 \u00a0 \u00a0As centrais telef\u00f4nicas ou PABX como tamb\u00e9m s\u00e3o conhecidas, oferecem v\u00e1rias formas de melhorar a comunica\u00e7\u00e3o entre matriz e filiais, clientes, fornecedores e entre os pr\u00f3prios colaboradores das empresas. Existem quatro op\u00e7\u00f5es de tecnologia no mercado, s\u00e3o elas: Anal\u00f3gicas, digitais, IP e mista (h\u00edbridas). Com estas op\u00e7\u00f5es podemos atender a qualquer demanda&hellip;<\/p>\n<p class=\"more-link\"><a href=\"https:\/\/dataphone.com.br\/index.php\/centrais-telefonicas\/\" class=\"themebutton\">Read More<\/a><\/p>\n","protected":false},"author":1,"featured_media":0,"parent":0,"menu_order":0,"comment_status":"closed","ping_status":"closed","template":"","meta":{"footnotes":""},"class_list":["post-2","page","type-page","status-publish","hentry"],"_links":{"self":[{"href":"https:\/\/dataphone.com.br\/index.php\/wp-json\/wp\/v2\/pages\/2","targetHints":{"allow":["GET"]}}],"collection":[{"href":"https:\/\/dataphone.com.br\/index.php\/wp-json\/wp\/v2\/pages"}],"about":[{"href":"https:\/\/dataphone.com.br\/index.php\/wp-json\/wp\/v2\/types\/page"}],"author":[{"embeddable":true,"href":"https:\/\/dataphone.com.br\/index.php\/wp-json\/wp\/v2\/users\/1"}],"replies":[{"embeddable":true,"href":"https:\/\/dataphone.com.br\/index.php\/wp-json\/wp\/v2\/comments?post=2"}],"version-history":[{"count":31,"href":"https:\/\/dataphone.com.br\/index.php\/wp-json\/wp\/v2\/pages\/2\/revisions"}],"predecessor-version":[{"id":348,"href":"https:\/\/dataphone.com.br\/index.php\/wp-json\/wp\/v2\/pages\/2\/revisions\/348"}],"wp:attachment":[{"href":"https:\/\/dataphone.com.br\/index.php\/wp-json\/wp\/v2\/media?parent=2"}],"curies":[{"name":"wp","href":"https:\/\/api.w.org\/{rel}","templated":true}]}}