{"id":244,"date":"2019-05-15T21:30:53","date_gmt":"2019-05-16T00:30:53","guid":{"rendered":"https:\/\/dataphone.com.br\/?page_id=244"},"modified":"2019-05-22T20:52:23","modified_gmt":"2019-05-22T23:52:23","slug":"infraestrutura-e-cabeamento-estruturado","status":"publish","type":"page","link":"https:\/\/dataphone.com.br\/index.php\/infraestrutura-e-cabeamento-estruturado\/","title":{"rendered":"Infraestrutura de TI"},"content":{"rendered":"\t\t<div data-elementor-type=\"post\" data-elementor-id=\"244\" class=\"elementor elementor-244\" data-elementor-settings=\"[]\">\n\t\t\t<div class=\"elementor-inner\">\n\t\t\t\t<div class=\"elementor-section-wrap\">\n\t\t\t\t\t\t\t<section class=\"elementor-element elementor-element-1be5a15 elementor-section-stretched elementor-section-full_width elementor-section-height-default elementor-section-height-default elementor-section elementor-top-section\" data-id=\"1be5a15\" data-element_type=\"section\" data-settings=\"{&quot;stretch_section&quot;:&quot;section-stretched&quot;}\">\n\t\t\t\t\t\t<div class=\"elementor-container elementor-column-gap-default\">\n\t\t\t\t<div class=\"elementor-row\">\n\t\t\t\t<div class=\"elementor-element elementor-element-e22d889 elementor-column elementor-col-100 elementor-top-column\" data-id=\"e22d889\" data-element_type=\"column\">\n\t\t\t<div class=\"elementor-column-wrap\">\n\t\t\t\t\t<div class=\"elementor-widget-wrap\">\n\t\t\t\t\t\t<\/div>\n\t\t\t<\/div>\n\t\t<\/div>\n\t\t\t\t\t\t<\/div>\n\t\t\t<\/div>\n\t\t<\/section>\n\t\t\t\t<section class=\"elementor-element elementor-element-df36fdb elementor-section-stretched elementor-section-full_width elementor-section-height-default elementor-section-height-default elementor-section elementor-top-section\" data-id=\"df36fdb\" data-element_type=\"section\" data-settings=\"{&quot;stretch_section&quot;:&quot;section-stretched&quot;}\">\n\t\t\t\t\t\t<div class=\"elementor-container elementor-column-gap-default\">\n\t\t\t\t<div class=\"elementor-row\">\n\t\t\t\t<div class=\"elementor-element elementor-element-e8de3fd elementor-column elementor-col-100 elementor-top-column\" data-id=\"e8de3fd\" data-element_type=\"column\">\n\t\t\t<div class=\"elementor-column-wrap  elementor-element-populated\">\n\t\t\t\t\t<div class=\"elementor-widget-wrap\">\n\t\t\t\t<div class=\"elementor-element elementor-element-9930c75 elementor-widget elementor-widget-text-editor\" data-id=\"9930c75\" data-element_type=\"widget\" data-widget_type=\"text-editor.default\">\n\t\t\t\t<div class=\"elementor-widget-container\">\n\t\t\t\t\t<div class=\"elementor-text-editor elementor-clearfix\"><p><span style=\"font-family: Arial, Helvetica, sans-serif; color: #000000;\">\u00a0 \u00a0 \u00a0 A infraestrutura de rede come\u00e7a na separa\u00e7\u00e3o dos sistemas de el\u00e9trica, inc\u00eandio e l\u00f3gica, cada sistema tento a sua infraestrutura separada para a prote\u00e7\u00e3o mec\u00e2nica do cabeamento. Nos projetos, contamos com os fabricantes de eletrocalhas e calhas aramadas, eletrodutos, condu\u00edtes e demais componentes que comp\u00f5em esses materiais, para o devido encaminhamento do cabeamento l\u00f3gico.<\/span><\/p><p><span style=\"font-family: Arial, Helvetica, sans-serif; color: #000000;\">\u00a0 \u00a0 \u00a0 \u00a0O Cabeamento estruturado, pode ser por vezes met\u00e1lico ou \u00f3ptico, na sua maioria, o cabeamento horizontal \u00e9 formado por cabos met\u00e1licos de categoria 5e,\u00a0 Cat 6, Cat 6A, e Cat 7 j\u00e1 o cabeamento \u00f3ptico \u00e9 utilizado para backbones com dist\u00e2ncias superiores a 100 metros, ou com necessidades de transmiss\u00e3o acima de 10 Gigabit\/s, respeitando as normal para cabeamento estruturado nacionais e internacionais, como:<\/span><\/p><ul style=\"margin-top: 15px; margin-bottom: 0px; margin-left: 0px; color: #464646; font-family: arial, sans-serif; font-size: 16px; font-weight: 400;\"><li style=\"margin-left: 25px;\"><span style=\"font-family: Arial, Helvetica, sans-serif; color: #000000;\">ABNT NBR 14565:2013\u00a0Cabeamento estruturado para edif\u00edcios comerciais e data centers;<\/span><\/li><li style=\"margin-left: 25px;\"><span style=\"font-family: Arial, Helvetica, sans-serif; color: #000000;\">ABNT NBR 14703:2012\u00a0Cabos de telem\u00e1tica de 100 \u03a9<em style=\"font-style: normal;\"> para redes internas estruturadas \u2014 Especifica\u00e7\u00e3o;<\/em><\/span><\/li><li style=\"margin-left: 25px;\"><span style=\"font-family: Arial, Helvetica, sans-serif; color: #000000;\">ABNT NBR 14705:2010\u00a0Cabos internos para telecomunica\u00e7\u00f5es \u2013 Classifica\u00e7\u00e3o quanto ao comportamento frente \u00e0 chama;<\/span><\/li><li style=\"margin-left: 25px;\"><span style=\"font-family: Arial, Helvetica, sans-serif; color: #000000;\">ABNT NBR 16264:2014 Cabeamento estruturado residencial;<\/span><\/li><li style=\"font-style: normal; margin-left: 25px;\"><span style=\"font-family: Arial, Helvetica, sans-serif; color: #000000;\"><em>\u00a0<\/em>ANSI\/TIA-568-C.0 \u2013 \u201cGeneric Telecommunications Cabling for Customer Premises\u201d, publicada em 2009: Este documento especifica um sistema gen\u00e9rico de cabeamento de telecomunica\u00e7\u00f5es. Est\u00e3o especificados os requisitos do sistema de cabeamento estruturado, topologia, dist\u00e2ncias, instala\u00e7\u00e3o, performance e testes;<\/span><\/li><li style=\"font-style: normal; margin-left: 25px;\"><span style=\"font-family: Arial, Helvetica, sans-serif; color: #000000;\">ANSI\/TIA-568-C.1 \u2013 \u201cCommercial Building Telecommunications Cabling Standard\u201d publicada em 2009: Especifica os requisitos para o cabeamento interno e externo de telecomunica\u00e7\u00f5es;<\/span><\/li><li style=\"font-style: normal; margin-left: 25px;\"><span style=\"font-family: Arial, Helvetica, sans-serif; color: #000000;\">ANSI\/TIA-568-C.2 \u2013\u201dBalanced Twisted Pair Telecommunications Cabling and Components Standard\u201d publicada em 2009: Especifica os requerimentos para perda de inser\u00e7\u00e3o, NEXT, ELFEXT, perda de retorno, Atraso de propaga\u00e7\u00e3o e requerimentos de Delay Skew para o cabeamento e Hardware de Conex\u00e3o;<\/span><\/li><li style=\"font-style: normal; margin-left: 25px;\"><span style=\"font-family: Arial, Helvetica, sans-serif; color: #000000;\">\u00a0ANSI\/TIA-568-C.3 \u2013 \u201cOptical Fiber Cabling Components Standard\u201d Publicada em 2008 \u2013 Especifica os requerimentos dos componentes e transmiss\u00e3o para um sistema de cabeamento de fibra \u00f3ptica;<\/span><\/li><li style=\"font-style: normal; margin-left: 25px;\"><span style=\"color: #000000;\"><span style=\"font-family: Arial, Helvetica, sans-serif;\">\u00a0ANSI\/TIA-942-A \u2013\u00a0<\/span>Padr\u00e3o Infraestrutura de Telecomunica\u00e7\u00f5es para Data Centers.<\/span><\/li><\/ul><div><span style=\"color: #000000; font-family: arial, sans-serif;\"><span style=\"font-size: 16px;\">\u00a0<\/span><\/span><\/div><div><span style=\"color: #000000; font-family: arial, sans-serif;\"><span style=\"font-size: 16px;\">\u00a0 \u00a0 \u00a0 \u00a0Para atender todas as normativas, contamos com fornecedores l\u00edderes de mercado no fornecimento de produtos para as solu\u00e7\u00f5es projetadas, abaixo alguns produtos que comercializamos:<\/span><\/span><\/div><div><span style=\"color: #000000; font-family: arial, sans-serif;\"><span style=\"font-size: 16px;\">\u00a0<\/span><\/span><\/div><ul><li><span style=\"color: #000000;\"><span style=\"font-size: 16px; font-style: normal;\"><span style=\"font-family: arial, sans-serif;\">R<\/span><\/span><span style=\"font-size: 16px; font-style: normal; font-family: Arial, Helvetica, sans-serif;\">ack aberto e Rack Fechado para servidor;<\/span><\/span><\/li><li><span style=\"font-size: 16px; font-style: normal; color: #000000; font-family: Arial, Helvetica, sans-serif;\">Bandejas com a profundidade adequada para o rack;<\/span><\/li><li><span style=\"font-size: 16px; font-style: normal; color: #000000; font-family: Arial, Helvetica, sans-serif;\">Calha de tomadas gerenci\u00e1veis e comuns;<\/span><\/li><li><span style=\"font-size: 16px; font-style: normal; color: #000000; font-family: Arial, Helvetica, sans-serif;\">Cabos de categoria 5e, Cat 6, Cat 6A e Cat 7;<\/span><\/li><li><span style=\"font-size: 16px; font-style: normal; color: #000000; font-family: Arial, Helvetica, sans-serif;\">Patch Panel Carregado e descarregado;<\/span><\/li><li><span style=\"color: #000000; font-family: Arial, Helvetica, sans-serif;\"><span style=\"font-size: 16px;\">Patch Panel Angular;<\/span><\/span><\/li><li><span style=\"color: #000000; font-family: Arial, Helvetica, sans-serif;\"><span style=\"font-size: 16px;\">Ponto de consolida\u00e7\u00e3o;<\/span><\/span><\/li><li><span style=\"color: #000000; font-family: Arial, Helvetica, sans-serif;\"><span style=\"font-size: 16px;\">Tomada de Telecomunica\u00e7\u00e3o (Conector Rj45 F\u00eamea);<\/span><\/span><\/li><li><span style=\"color: #000000; font-family: Arial, Helvetica, sans-serif;\"><span style=\"font-size: 16px;\">Patch Cords;<\/span><\/span><\/li><li><span style=\"color: #000000; font-family: Arial, Helvetica, sans-serif;\"><span style=\"font-size: 16px;\">Etiquetas para identifica\u00e7\u00e3o do cabeamento horizontal e backbone;<\/span><\/span><\/li><li><span style=\"color: #000000; font-family: Arial, Helvetica, sans-serif;\"><span style=\"font-size: 16px;\">Cabos \u00f3pticos monomodo (Sm) e Multimodo (mm);<\/span><\/span><\/li><li><span style=\"color: #000000; font-family: Arial, Helvetica, sans-serif;\"><span style=\"font-size: 16px;\">Acopladores \u00f3pticos;<\/span><\/span><\/li><li><span style=\"color: #000000; font-family: Arial, Helvetica, sans-serif;\"><span style=\"font-size: 16px;\">DIO;<\/span><\/span><\/li><li><span style=\"color: #000000; font-family: Arial, Helvetica, sans-serif;\"><span style=\"font-size: 16px;\">Mini DIO;<\/span><\/span><\/li><li><span style=\"color: #000000; font-family: Arial, Helvetica, sans-serif;\"><span style=\"font-size: 16px;\">Extens\u00f5es \u00f3pticas conectorizadas;<\/span><\/span><\/li><li><span style=\"color: #000000;\"><span style=\"font-size: 16px;\">Cord\u00f5es \u00f3pticos<\/span><\/span><\/li><li><span style=\"color: #000000;\"><span style=\"font-size: 16px;\">Splitters;<\/span><\/span><\/li><li><span style=\"color: #000000;\"><span style=\"font-size: 16px;\">ONU e ONT;<\/span><\/span><\/li><li><span style=\"color: #000000;\"><span style=\"font-size: 16px;\">Chassis Gpon e Epon.<\/span>\u00a0<\/span><\/li><\/ul><\/div>\n\t\t\t\t<\/div>\n\t\t\t\t<\/div>\n\t\t\t\t<div class=\"elementor-element elementor-element-f8ba330 elementor-button-info elementor-widget elementor-widget-button\" data-id=\"f8ba330\" data-element_type=\"widget\" data-widget_type=\"button.default\">\n\t\t\t\t<div class=\"elementor-widget-container\">\n\t\t\t\t\t<div class=\"elementor-button-wrapper\">\n\t\t\t<a href=\"https:\/\/dataphone.com.br\/index.php\/orcamento-infraestrutura\/\" class=\"elementor-button-link elementor-button elementor-size-sm elementor-animation-grow\" target=\"_blank\" role=\"button\">\n\t\t\t\t\t\t<span class=\"elementor-button-content-wrapper\">\n\t\t\t\t\t\t<span class=\"elementor-button-icon elementor-align-icon-left\">\n\t\t\t\t<i class=\"fa fa-mouse-pointer\" aria-hidden=\"true\"><\/i>\n\t\t\t<\/span>\n\t\t\t\t\t\t<span class=\"elementor-button-text\">Solicite um or\u00e7amento<\/span>\n\t\t<\/span>\n\t\t\t\t\t<\/a>\n\t\t<\/div>\n\t\t\t\t<\/div>\n\t\t\t\t<\/div>\n\t\t\t\t\t\t<\/div>\n\t\t\t<\/div>\n\t\t<\/div>\n\t\t\t\t\t\t<\/div>\n\t\t\t<\/div>\n\t\t<\/section>\n\t\t\t\t\t\t<\/div>\n\t\t\t<\/div>\n\t\t<\/div>\n\t\t","protected":false},"excerpt":{"rendered":"<p>RACKS E ACESS\u00d3RIOS Racks, brackets, r\u00e9guas de tomadas gerenci\u00e1veis, bandejas, kits de ventila\u00e7\u00e3o CABEAMENTO E PASSIVOS DE REDE Cabeamento met\u00e1lico e \u00f3ptico, caixas de emenda para fus\u00f5es de fibras \u00f3pticas, patch panels, voice panels e patch cords INFRAESTRUTURA Para prote\u00e7\u00e3o e acomoda\u00e7\u00e3o do cabeamento &nbsp; &nbsp; &nbsp; A infraestrutura de rede come\u00e7a na separa\u00e7\u00e3o dos&hellip;<\/p>\n<p class=\"more-link\"><a href=\"https:\/\/dataphone.com.br\/index.php\/infraestrutura-e-cabeamento-estruturado\/\" class=\"themebutton\">Read More<\/a><\/p>\n","protected":false},"author":1,"featured_media":0,"parent":0,"menu_order":0,"comment_status":"closed","ping_status":"closed","template":"","meta":{"footnotes":""},"class_list":["post-244","page","type-page","status-publish","hentry"],"_links":{"self":[{"href":"https:\/\/dataphone.com.br\/index.php\/wp-json\/wp\/v2\/pages\/244","targetHints":{"allow":["GET"]}}],"collection":[{"href":"https:\/\/dataphone.com.br\/index.php\/wp-json\/wp\/v2\/pages"}],"about":[{"href":"https:\/\/dataphone.com.br\/index.php\/wp-json\/wp\/v2\/types\/page"}],"author":[{"embeddable":true,"href":"https:\/\/dataphone.com.br\/index.php\/wp-json\/wp\/v2\/users\/1"}],"replies":[{"embeddable":true,"href":"https:\/\/dataphone.com.br\/index.php\/wp-json\/wp\/v2\/comments?post=244"}],"version-history":[{"count":24,"href":"https:\/\/dataphone.com.br\/index.php\/wp-json\/wp\/v2\/pages\/244\/revisions"}],"predecessor-version":[{"id":350,"href":"https:\/\/dataphone.com.br\/index.php\/wp-json\/wp\/v2\/pages\/244\/revisions\/350"}],"wp:attachment":[{"href":"https:\/\/dataphone.com.br\/index.php\/wp-json\/wp\/v2\/media?parent=244"}],"curies":[{"name":"wp","href":"https:\/\/api.w.org\/{rel}","templated":true}]}}